{"id":571,"date":"2022-10-17T10:49:42","date_gmt":"2022-10-17T10:49:42","guid":{"rendered":"https:\/\/jemaniblue.com\/jemani-blue-ag\/"},"modified":"2023-01-18T10:53:10","modified_gmt":"2023-01-18T10:53:10","slug":"jemani-blue-ag","status":"publish","type":"page","link":"https:\/\/jemaniblue.com\/en\/jemani-blue-ag\/","title":{"rendered":"Jemani Blue AG"},"content":{"rendered":"<section id=\"anchor-block_634e906573c10\" class=\"block-1-hero\">\n    <div class=\"picture_wrapper\">\n    <img decoding=\"async\" class=\"hero_picture\" src=\"https:\/\/jemaniblue.com\/wp-content\/uploads\/2022\/10\/site-Banner-1-2048x213.jpg\">\n            <div class=\"ueberschrift-balken\">\n            <div class=\"ueberschrift\">Jemani Blue AG<\/div>\n        <\/div>\n        <\/div>\n                <div class=\"swiss_company_logo_wrapper\">\n                <img decoding=\"async\" src=\"https:\/\/jemaniblue.com\/wp-content\/uploads\/2022\/08\/SWISS-Company.svg\" class=\"swiss_company_logo\" alt=\"Swiss Company\">\n            <\/div>\n    <\/section>\n<section id=\"anchor-block_63c7ced3e8a45\" class=\"block-2-text\">\n    <div class=\"container\">\n        <div class=\"subueberschrift\">\n            Jemani Blue AG        <\/div>\n        <div class=\"hauptueberschrift\">\n\t        We are your trademark        <\/div>\n        <div class=\"text\">\n\t        <p>Bei Jemani Blue sind Sie in guten H\u00e4nden. Wir unterst\u00fctzen Sie als H\u00e4ndler mit Qualit\u00e4tsl\u00f6sungen f\u00fcr die individuellen Bed\u00fcrfnisse Ihrer Kundinnen und Kunden. Wir stellen Ihnen ein massgeschneidertes Duschsortiment f\u00fcr die gew\u00fcnschte Preiskategorie zusammen und garantieren prompte Lieferzeiten. <\/p><br \/>\n<p>Unsere modularen Duschsysteme kommen mit anpassbaren Hand- und Kopfbrausen, Gleitstangen und Armaturen. So k\u00f6nnen Sie Ihren Kunden und Handelspartnern eine vielseitige Auswahl bieten. <\/p><br \/>\n<p>Als Brauseprofis mit \u00fcber 25 Jahren Erfahrung beliefern wir den deutschen und internationalen Fachhandel mit Duschsystemen, Duschbrausen und Thermostaten. Das modular adaptierbare Jemani Blue-Sortiment bietet Ihren Kunden beste Qualit\u00e4t und erspart Ihnen langwierige externe Produktmanagement-Prozesse. Wir reagieren auf Ihre individuellen Rahmenbedingungen und f\u00fcgen uns nahtlos in Ihre Logistik ein. <\/p><br \/>\n<p>Unsere Kunden sch\u00e4tzen die hohe Lagerverf\u00fcgbarkeit, unseren schnellen Kundenservice und das breite Angebot unseres Sortiments. Profitieren Sie von unserer Erfahrung, vielf\u00e4ltigen Duschsystemen und einer herausragenden Qualit\u00e4t: Sie erhalten Ihre Duschsysteme mit Ihrem Logo versehen und fixfertig verpackt geliefert \u2013 direkt aus unserem Lager in Deutschland.<\/p><br \/>\n        <\/div>\n            <\/div>\n<\/section>\n","protected":false},"excerpt":{"rendered":"","protected":false},"author":2,"featured_media":0,"parent":0,"menu_order":9,"comment_status":"closed","ping_status":"closed","template":"","meta":{"_acf_changed":false,"footnotes":""},"class_list":["post-571","page","type-page","status-publish","hentry"],"acf":[],"_links":{"self":[{"href":"https:\/\/jemaniblue.com\/en\/wp-json\/wp\/v2\/pages\/571","targetHints":{"allow":["GET"]}}],"collection":[{"href":"https:\/\/jemaniblue.com\/en\/wp-json\/wp\/v2\/pages"}],"about":[{"href":"https:\/\/jemaniblue.com\/en\/wp-json\/wp\/v2\/types\/page"}],"author":[{"embeddable":true,"href":"https:\/\/jemaniblue.com\/en\/wp-json\/wp\/v2\/users\/2"}],"replies":[{"embeddable":true,"href":"https:\/\/jemaniblue.com\/en\/wp-json\/wp\/v2\/comments?post=571"}],"version-history":[{"count":1,"href":"https:\/\/jemaniblue.com\/en\/wp-json\/wp\/v2\/pages\/571\/revisions"}],"predecessor-version":[{"id":572,"href":"https:\/\/jemaniblue.com\/en\/wp-json\/wp\/v2\/pages\/571\/revisions\/572"}],"wp:attachment":[{"href":"https:\/\/jemaniblue.com\/en\/wp-json\/wp\/v2\/media?parent=571"}],"curies":[{"name":"wp","href":"https:\/\/api.w.org\/{rel}","templated":true}]}}